{"id":631,"date":"2021-06-29T07:17:00","date_gmt":"2021-06-29T07:17:00","guid":{"rendered":"https:\/\/prowproject.eu\/news\/"},"modified":"2021-10-12T08:52:43","modified_gmt":"2021-10-12T08:52:43","slug":"news","status":"publish","type":"page","link":"https:\/\/prowproject.eu\/ro\/news\/","title":{"rendered":"\u0218tiri"},"content":{"rendered":"<h1>\u0218tiri<\/h1>\n<div>\n\n    <div id=\"wk-gridea2\" class=\"uk-child-width-1-1 uk-child-width-1-3@l uk-child-width-1-3@xl uk-grid-match uk-text-left widget-news\" uk-height-match=\"target: &gt; div &gt; .uk-panel, &gt; div &gt; .uk-card; row: true\" uk-grid >\n\n    \n        <div >\n            <div class=\"uk-card uk-card-default uk-card-hover\">\n\n                                <a class=\"uk-position-cover uk-position-z-index\" href=\"https:\/\/prowproject.eu\/ro\/methods-of-scaling-the-positive-resources-of-the-pro-w-project-in-romania\/\" title=\"Metode de scalare a resurselor pozitive ale proiectului Pro-W \u00een Rom\u00e2nia\"><\/a>\n                \n                \n                                <div class=\"uk-text-center uk-card-media-top\"><img decoding=\"async\" src=\"https:\/\/prowproject.eu\/wp-content\/uploads\/2021\/06\/placeholder3.png\" alt=\"Metode de scalare a resurselor pozitive ale proiectului Pro-W \u00een Rom\u00e2nia\"><\/div>\n                \n                \n                                        <div class=\"uk-card-body\">\n                    \n                        \n                                                <h3 class=\"uk-h3 uk-margin-remove-top\">\n\n                                                            <a class=\"uk-link-reset\" href=\"https:\/\/prowproject.eu\/ro\/methods-of-scaling-the-positive-resources-of-the-pro-w-project-in-romania\/\">Metode de scalare a resurselor pozitive ale proiectului Pro-W \u00een Rom\u00e2nia<\/a>\n                            \n                            \n                        <\/h3>\n                        \n                        \n                        \n                        \n                        \n                        \n                                        <\/div>\n                    \n                \n            <\/div>\n        <\/div>\n\n    \n        <div >\n            <div class=\"uk-card uk-card-default uk-card-hover\">\n\n                                <a class=\"uk-position-cover uk-position-z-index\" href=\"https:\/\/prowproject.eu\/ro\/the-positive-results-of-the-pro-w-project-in-romania-are-confirmed-by-education-specialists\/\" title=\"The positive results of the Pro-W project in Romania are confirmed by education specialists\"><\/a>\n                \n                \n                                <div class=\"uk-text-center uk-card-media-top\"><img decoding=\"async\" src=\"https:\/\/prowproject.eu\/wp-content\/uploads\/2021\/06\/placeholder2.png\" alt=\"The positive results of the Pro-W project in Romania are confirmed by education specialists\"><\/div>\n                \n                \n                                        <div class=\"uk-card-body\">\n                    \n                        \n                                                <h3 class=\"uk-h3 uk-margin-remove-top\">\n\n                                                            <a class=\"uk-link-reset\" href=\"https:\/\/prowproject.eu\/ro\/the-positive-results-of-the-pro-w-project-in-romania-are-confirmed-by-education-specialists\/\">The positive results of the Pro-W project in Romania are confirmed by education specialists<\/a>\n                            \n                            \n                        <\/h3>\n                        \n                        \n                        \n                        \n                        \n                        \n                                        <\/div>\n                    \n                \n            <\/div>\n        <\/div>\n\n    \n        <div >\n            <div class=\"uk-card uk-card-default uk-card-hover\">\n\n                                <a class=\"uk-position-cover uk-position-z-index\" href=\"https:\/\/prowproject.eu\/ro\/unstpb-organized-the-early-childhood-education-policy-development-workshop\/\" title=\"UNSTPB a organizat workshop-ul Dezvoltarea de politici \u00een domeniul educa\u021biei timpurii\"><\/a>\n                \n                \n                                <div class=\"uk-text-center uk-card-media-top\"><img decoding=\"async\" src=\"https:\/\/prowproject.eu\/wp-content\/uploads\/2021\/06\/placeholder3.png\" alt=\"UNSTPB a organizat workshop-ul Dezvoltarea de politici \u00een domeniul educa\u021biei timpurii\"><\/div>\n                \n                \n                                        <div class=\"uk-card-body\">\n                    \n                        \n                                                <h3 class=\"uk-h3 uk-margin-remove-top\">\n\n                                                            <a class=\"uk-link-reset\" href=\"https:\/\/prowproject.eu\/ro\/unstpb-organized-the-early-childhood-education-policy-development-workshop\/\">UNSTPB a organizat workshop-ul Dezvoltarea de politici \u00een domeniul educa\u021biei timpurii<\/a>\n                            \n                            \n                        <\/h3>\n                        \n                        \n                        \n                        \n                        \n                        \n                                        <\/div>\n                    \n                \n            <\/div>\n        <\/div>\n\n    \n        <div >\n            <div class=\"uk-card uk-card-default uk-card-hover\">\n\n                                <a class=\"uk-position-cover uk-position-z-index\" href=\"https:\/\/prowproject.eu\/ro\/activities-for-vacation\/\" title=\"Activit\u0103\u021bi de realizat \u00een vacan\u021b\u0103\"><\/a>\n                \n                \n                                <div class=\"uk-text-center uk-card-media-top\"><img decoding=\"async\" src=\"https:\/\/prowproject.eu\/wp-content\/uploads\/2021\/06\/placeholder3.png\" alt=\"Activit\u0103\u021bi de realizat \u00een vacan\u021b\u0103\"><\/div>\n                \n                \n                                        <div class=\"uk-card-body\">\n                    \n                        \n                                                <h3 class=\"uk-h3 uk-margin-remove-top\">\n\n                                                            <a class=\"uk-link-reset\" href=\"https:\/\/prowproject.eu\/ro\/activities-for-vacation\/\">Activit\u0103\u021bi de realizat \u00een vacan\u021b\u0103<\/a>\n                            \n                            \n                        <\/h3>\n                        \n                        \n                        \n                        \n                        \n                        \n                                        <\/div>\n                    \n                \n            <\/div>\n        <\/div>\n\n    \n        <div >\n            <div class=\"uk-card uk-card-default uk-card-hover\">\n\n                                <a class=\"uk-position-cover uk-position-z-index\" href=\"https:\/\/prowproject.eu\/ro\/how-to-encourage-positive-behaviour-change-in-employees\/\" title=\"Cum s\u0103 \u00eencuraj\u0103m schimbarea comportamentului pozitiv \u00een r\u00e2ndul angaja\u021bilor?\"><\/a>\n                \n                \n                                <div class=\"uk-text-center uk-card-media-top\"><img decoding=\"async\" src=\"https:\/\/prowproject.eu\/wp-content\/uploads\/2021\/06\/placeholder3.png\" alt=\"Cum s\u0103 \u00eencuraj\u0103m schimbarea comportamentului pozitiv \u00een r\u00e2ndul angaja\u021bilor?\"><\/div>\n                \n                \n                                        <div class=\"uk-card-body\">\n                    \n                        \n                                                <h3 class=\"uk-h3 uk-margin-remove-top\">\n\n                                                            <a class=\"uk-link-reset\" href=\"https:\/\/prowproject.eu\/ro\/how-to-encourage-positive-behaviour-change-in-employees\/\">Cum s\u0103 \u00eencuraj\u0103m schimbarea comportamentului pozitiv \u00een r\u00e2ndul angaja\u021bilor?<\/a>\n                            \n                            \n                        <\/h3>\n                        \n                        \n                        \n                        \n                        \n                        \n                                        <\/div>\n                    \n                \n            <\/div>\n        <\/div>\n\n    \n        <div >\n            <div class=\"uk-card uk-card-default uk-card-hover\">\n\n                                <a class=\"uk-position-cover uk-position-z-index\" href=\"https:\/\/prowproject.eu\/ro\/the-upit-research-team-conducts-workshops-on-the-perma-model\/\" title=\"Echipa de cercetare a UPIT desf\u0103\u0219oar\u0103 ateliere pe modelul PERMA\"><\/a>\n                \n                \n                                <div class=\"uk-text-center uk-card-media-top\"><img decoding=\"async\" src=\"https:\/\/prowproject.eu\/wp-content\/uploads\/2021\/06\/placeholder2.png\" alt=\"Echipa de cercetare a UPIT desf\u0103\u0219oar\u0103 ateliere pe modelul PERMA\"><\/div>\n                \n                \n                                        <div class=\"uk-card-body\">\n                    \n                        \n                                                <h3 class=\"uk-h3 uk-margin-remove-top\">\n\n                                                            <a class=\"uk-link-reset\" href=\"https:\/\/prowproject.eu\/ro\/the-upit-research-team-conducts-workshops-on-the-perma-model\/\">Echipa de cercetare a UPIT desf\u0103\u0219oar\u0103 ateliere pe modelul PERMA<\/a>\n                            \n                            \n                        <\/h3>\n                        \n                        \n                        \n                        \n                        \n                        \n                                        <\/div>\n                    \n                \n            <\/div>\n        <\/div>\n\n    \n        <div >\n            <div class=\"uk-card uk-card-default uk-card-hover\">\n\n                                <a class=\"uk-position-cover uk-position-z-index\" href=\"https:\/\/prowproject.eu\/ro\/how-to-encourage-positive-behaviour-in-your-child\/\" title=\"CUM S\u0102 \u00ceNCURAJEZI UN COMPORTAMENT POZITIV LA COPILUL T\u0102U\"><\/a>\n                \n                \n                                <div class=\"uk-text-center uk-card-media-top\"><img decoding=\"async\" src=\"https:\/\/prowproject.eu\/wp-content\/uploads\/2021\/06\/placeholder3.png\" alt=\"CUM S\u0102 \u00ceNCURAJEZI UN COMPORTAMENT POZITIV LA COPILUL T\u0102U\"><\/div>\n                \n                \n                                        <div class=\"uk-card-body\">\n                    \n                        \n                                                <h3 class=\"uk-h3 uk-margin-remove-top\">\n\n                                                            <a class=\"uk-link-reset\" href=\"https:\/\/prowproject.eu\/ro\/how-to-encourage-positive-behaviour-in-your-child\/\">CUM S\u0102 \u00ceNCURAJEZI UN COMPORTAMENT POZITIV LA COPILUL T\u0102U<\/a>\n                            \n                            \n                        <\/h3>\n                        \n                        \n                        \n                        \n                        \n                        \n                                        <\/div>\n                    \n                \n            <\/div>\n        <\/div>\n\n    \n        <div >\n            <div class=\"uk-card uk-card-default uk-card-hover\">\n\n                                <a class=\"uk-position-cover uk-position-z-index\" href=\"https:\/\/prowproject.eu\/ro\/tips-for-teacher-wellbeing\/\" title=\"Ponturi pentru o stare de bine a profesorilor\"><\/a>\n                \n                \n                                <div class=\"uk-text-center uk-card-media-top\"><img decoding=\"async\" src=\"https:\/\/prowproject.eu\/wp-content\/uploads\/2023\/02\/2.jpg\" alt=\"Ponturi pentru o stare de bine a profesorilor\"><\/div>\n                \n                \n                                        <div class=\"uk-card-body\">\n                    \n                        \n                                                <h3 class=\"uk-h3 uk-margin-remove-top\">\n\n                                                            <a class=\"uk-link-reset\" href=\"https:\/\/prowproject.eu\/ro\/tips-for-teacher-wellbeing\/\">Ponturi pentru o stare de bine a profesorilor<\/a>\n                            \n                            \n                        <\/h3>\n                        \n                        \n                        \n                        \n                        \n                        \n                                        <\/div>\n                    \n                \n            <\/div>\n        <\/div>\n\n    \n        <div >\n            <div class=\"uk-card uk-card-default uk-card-hover\">\n\n                                <a class=\"uk-position-cover uk-position-z-index\" href=\"https:\/\/prowproject.eu\/ro\/pas-cu-pas-modalitati-de-implementare-a-strategiilor-de-comportament-pozitiv-in-scolile-romanesti-cu-proiectul-prow\/\" title=\"Pas cu pas: Modalit\u0103\u021bi de implementare a strategiilor de comportament pozitiv \u00een \u0219colile rom\u00e2ne\u0219ti cu proiectul ProW\"><\/a>\n                \n                \n                                <div class=\"uk-text-center uk-card-media-top\"><img decoding=\"async\" src=\"https:\/\/prowproject.eu\/wp-content\/uploads\/2022\/05\/3ro-a.jpg\" alt=\"Pas cu pas: Modalit\u0103\u021bi de implementare a strategiilor de comportament pozitiv \u00een \u0219colile rom\u00e2ne\u0219ti cu proiectul ProW\"><\/div>\n                \n                \n                                        <div class=\"uk-card-body\">\n                    \n                        \n                                                <h3 class=\"uk-h3 uk-margin-remove-top\">\n\n                                                            <a class=\"uk-link-reset\" href=\"https:\/\/prowproject.eu\/ro\/pas-cu-pas-modalitati-de-implementare-a-strategiilor-de-comportament-pozitiv-in-scolile-romanesti-cu-proiectul-prow\/\">Pas cu pas: Modalit\u0103\u021bi de implementare a strategiilor de comportament pozitiv \u00een \u0219colile rom\u00e2ne\u0219ti cu proiectul ProW<\/a>\n                            \n                            \n                        <\/h3>\n                        \n                        \n                        \n                        \n                        \n                        \n                                        <\/div>\n                    \n                \n            <\/div>\n        <\/div>\n\n    \n        <div >\n            <div class=\"uk-card uk-card-default uk-card-hover\">\n\n                                <a class=\"uk-position-cover uk-position-z-index\" href=\"https:\/\/prowproject.eu\/ro\/spreading-positive-psychology-to-our-pre-schools-in-romania\/\" title=\"R\u0103sp\u00e2ndirea psihologiei pozitive \u00een pre\u0219colile noastre din Rom\u00e2nia\"><\/a>\n                \n                \n                                <div class=\"uk-text-center uk-card-media-top\"><img decoding=\"async\" src=\"https:\/\/prowproject.eu\/wp-content\/uploads\/2022\/02\/spreading.jpg\" alt=\"R\u0103sp\u00e2ndirea psihologiei pozitive \u00een pre\u0219colile noastre din Rom\u00e2nia\"><\/div>\n                \n                \n                                        <div class=\"uk-card-body\">\n                    \n                        \n                                                <h3 class=\"uk-h3 uk-margin-remove-top\">\n\n                                                            <a class=\"uk-link-reset\" href=\"https:\/\/prowproject.eu\/ro\/spreading-positive-psychology-to-our-pre-schools-in-romania\/\">R\u0103sp\u00e2ndirea psihologiei pozitive \u00een pre\u0219colile noastre din Rom\u00e2nia<\/a>\n                            \n                            \n                        <\/h3>\n                        \n                        \n                        \n                        \n                        \n                        \n                                        <\/div>\n                    \n                \n            <\/div>\n        <\/div>\n\n    \n        <div >\n            <div class=\"uk-card uk-card-default uk-card-hover\">\n\n                                <a class=\"uk-position-cover uk-position-z-index\" href=\"https:\/\/prowproject.eu\/ro\/sharing-results-at-the-international-school-psychology-association-international-event\/\" title=\"Partajarea rezultatelor la evenimentul interna\u021bional al Asocia\u021biei Interna\u021bionale de Psihologie \u0218colar\u0103\"><\/a>\n                \n                \n                                <div class=\"uk-text-center uk-card-media-top\"><img decoding=\"async\" src=\"https:\/\/prowproject.eu\/wp-content\/uploads\/2021\/08\/ISPA_photo_1.png\" alt=\"Partajarea rezultatelor la evenimentul interna\u021bional al Asocia\u021biei Interna\u021bionale de Psihologie \u0218colar\u0103\"><\/div>\n                \n                \n                                        <div class=\"uk-card-body\">\n                    \n                        \n                                                <h3 class=\"uk-h3 uk-margin-remove-top\">\n\n                                                            <a class=\"uk-link-reset\" href=\"https:\/\/prowproject.eu\/ro\/sharing-results-at-the-international-school-psychology-association-international-event\/\">Partajarea rezultatelor la evenimentul interna\u021bional al Asocia\u021biei Interna\u021bionale de Psihologie \u0218colar\u0103<\/a>\n                            \n                            \n                        <\/h3>\n                        \n                        \n                        \n                        \n                        \n                        \n                                        <\/div>\n                    \n                \n            <\/div>\n        <\/div>\n\n    \n        <div >\n            <div class=\"uk-card uk-card-default uk-card-hover\">\n\n                                <a class=\"uk-position-cover uk-position-z-index\" href=\"https:\/\/prowproject.eu\/ro\/coaches-training-launched-with-professor-anastasios-stalikas\/\" title=\"Preg\u0103tirea antrenorilor a fost lansat\u0103 cu profesorul Anastasios Stalikas\"><\/a>\n                \n                \n                                <div class=\"uk-text-center uk-card-media-top\"><img decoding=\"async\" src=\"https:\/\/prowproject.eu\/wp-content\/uploads\/2021\/08\/ProW_The-training-series_3.jpg\" alt=\"Preg\u0103tirea antrenorilor a fost lansat\u0103 cu profesorul Anastasios Stalikas\"><\/div>\n                \n                \n                                        <div class=\"uk-card-body\">\n                    \n                        \n                                                <h3 class=\"uk-h3 uk-margin-remove-top\">\n\n                                                            <a class=\"uk-link-reset\" href=\"https:\/\/prowproject.eu\/ro\/coaches-training-launched-with-professor-anastasios-stalikas\/\">Preg\u0103tirea antrenorilor a fost lansat\u0103 cu profesorul Anastasios Stalikas<\/a>\n                            \n                            \n                        <\/h3>\n                        \n                        \n                        \n                        \n                        \n                        \n                                        <\/div>\n                    \n                \n            <\/div>\n        <\/div>\n\n    \n        <div >\n            <div class=\"uk-card uk-card-default uk-card-hover\">\n\n                                <a class=\"uk-position-cover uk-position-z-index\" href=\"https:\/\/prowproject.eu\/ro\/promoting-teachers-wellbeing-research-report\/\" title=\"Raport de cercetare \u201ePromovarea st\u0103rii de bine profesorilor\u201d\"><\/a>\n                \n                \n                                <div class=\"uk-text-center uk-card-media-top\"><img decoding=\"async\" src=\"https:\/\/prowproject.eu\/wp-content\/uploads\/2021\/08\/prow-art31.jpg\" alt=\"Raport de cercetare \u201ePromovarea st\u0103rii de bine profesorilor\u201d\"><\/div>\n                \n                \n                                        <div class=\"uk-card-body\">\n                    \n                        \n                                                <h3 class=\"uk-h3 uk-margin-remove-top\">\n\n                                                            <a class=\"uk-link-reset\" href=\"https:\/\/prowproject.eu\/ro\/promoting-teachers-wellbeing-research-report\/\">Raport de cercetare \u201ePromovarea st\u0103rii de bine profesorilor\u201d<\/a>\n                            \n                            \n                        <\/h3>\n                        \n                        \n                        \n                        \n                        \n                        \n                                        <\/div>\n                    \n                \n            <\/div>\n        <\/div>\n\n    \n    <\/div>\n\n<\/div>\n<p><!--more--><br \/>\n<!-- {\"type\":\"layout\",\"children\":[{\"type\":\"section\",\"props\":{\"style\":\"default\",\"width\":\"default\",\"vertical_align\":\"middle\",\"title_position\":\"top-left\",\"title_rotation\":\"left\",\"title_breakpoint\":\"xl\",\"image_position\":\"center-center\",\"padding_remove_top\":true},\"children\":[{\"type\":\"row\",\"children\":[{\"type\":\"column\",\"props\":{\"image_position\":\"center-center\",\"media_overlay_gradient\":\"\"},\"children\":[{\"type\":\"headline\",\"props\":{\"title_element\":\"h1\",\"content\":\"\\u0218tiri\",\"title_style\":\"h1\"}}]}]}]},{\"type\":\"section\",\"props\":{\"style\":\"default\",\"width\":\"default\",\"vertical_align\":\"middle\",\"title_position\":\"top-left\",\"title_rotation\":\"left\",\"title_breakpoint\":\"xl\",\"image_position\":\"center-center\",\"css\":\".el-section{background:#4175B9;}\"},\"children\":[{\"type\":\"row\",\"children\":[{\"type\":\"column\",\"props\":{\"image_position\":\"center-center\",\"media_overlay_gradient\":\"\"},\"children\":[{\"type\":\"text\",\"props\":{\"margin\":\"default\",\"column_breakpoint\":\"m\",\"content\":\"[widgetkit id=\\\"2\\\"]\"}}]}]}]}],\"version\":\"2.4.21\"} --><\/p>\n","protected":false},"excerpt":{"rendered":"<p>\u0218tiri<\/p>\n","protected":false},"author":1,"featured_media":0,"parent":0,"menu_order":0,"comment_status":"closed","ping_status":"closed","template":"","meta":{"footnotes":""},"class_list":["post-631","page","type-page","status-publish","hentry"],"_links":{"self":[{"href":"https:\/\/prowproject.eu\/ro\/wp-json\/wp\/v2\/pages\/631","targetHints":{"allow":["GET"]}}],"collection":[{"href":"https:\/\/prowproject.eu\/ro\/wp-json\/wp\/v2\/pages"}],"about":[{"href":"https:\/\/prowproject.eu\/ro\/wp-json\/wp\/v2\/types\/page"}],"author":[{"embeddable":true,"href":"https:\/\/prowproject.eu\/ro\/wp-json\/wp\/v2\/users\/1"}],"replies":[{"embeddable":true,"href":"https:\/\/prowproject.eu\/ro\/wp-json\/wp\/v2\/comments?post=631"}],"version-history":[{"count":3,"href":"https:\/\/prowproject.eu\/ro\/wp-json\/wp\/v2\/pages\/631\/revisions"}],"predecessor-version":[{"id":640,"href":"https:\/\/prowproject.eu\/ro\/wp-json\/wp\/v2\/pages\/631\/revisions\/640"}],"wp:attachment":[{"href":"https:\/\/prowproject.eu\/ro\/wp-json\/wp\/v2\/media?parent=631"}],"curies":[{"name":"wp","href":"https:\/\/api.w.org\/{rel}","templated":true}]}}