{"id":612,"date":"2021-06-29T07:17:00","date_gmt":"2021-06-29T07:17:00","guid":{"rendered":"https:\/\/prowproject.eu\/outputs\/"},"modified":"2024-04-08T12:27:54","modified_gmt":"2024-04-08T12:27:54","slug":"outputs","status":"publish","type":"page","link":"https:\/\/prowproject.eu\/pt-pt\/outputs\/","title":{"rendered":"Resultados"},"content":{"rendered":"<h1>Resultados<\/h1>\n<ul>\n<li>\n<h3>Pacote de Trabalho 1<\/h3>\n<div>\n<div class=\"bg-panel uk-position-relative\">\n<div class=\"ill-out\"><\/div>\n<div class=\"t-up\"><\/div>\n<div class=\"t-down\"><\/div>\n<h5>Avalia\u00e7\u00e3o de Necessidades<\/h5>\n<p>O cons\u00f3rcio levou a cabo uma revis\u00e3o da literatura (estado-da-arte) e um levantamento de necessidades nos quatro pa\u00edses (Gr\u00e9cia, Chipre, Rom\u00e9nia e Portugal), de forma a identificar e perceber alguns dos atuais desafios relacionados com as carreiras, o desenvolvimento profissional e o bem-estar das\/os educadoras\/es.<\/p>\n<\/div>\n<div class=\"buttons-outputs uk-margin-top\"><a href=\"https:\/\/prowproject.eu\/wp-content\/uploads\/2024\/03\/ProW_D1.1-Estado_da_Arte_Resumo.pdf\" target=\"_blank\" class=\"uk-button uk-button-primary\" rel=\"noopener\">Revis\u00e3o da literatura<\/a> <a href=\"https:\/\/prowproject.eu\/wp-content\/uploads\/2024\/03\/ProW_D1.1-Avaliacao-de-Necessidades-e-Plano-de-Acao_Resumo.pdf\" target=\"_blank\" class=\"uk-button uk-button-primary\" rel=\"noopener\">Avalia\u00e7\u00e3o de Necessidades<\/a><\/div>\n<\/div>\n<\/li>\n<li>\n<h3>Pacote de Trabalho 2<\/h3>\n<div>\n<div class=\"bg-panel uk-position-relative\">\n<div class=\"ill-out\"><\/div>\n<div class=\"t-up\"><\/div>\n<div class=\"t-down\"><\/div>\n<h5>Protocolo Experimental<\/h5>\n<p>Os parceiros envolvidos ir\u00e3o desenvolver um plano detalhado para a implementa\u00e7\u00e3o de metodologias e abordagens da Psicologia Positiva e do SWPBS ao n\u00edvel da Educa\u00e7\u00e3o de Inf\u00e2ncia. Para al\u00e9m disto, formar\u00e3o uma equipa de formadores\/as externos\/as, em cada um dos pa\u00edses, que ser\u00e1 respons\u00e1vel pela forma\u00e7\u00e3o e desenvolvimento profissional das\/os educadoras\/es.<\/p>\n<\/div>\n<div class=\"buttons-outputs uk-margin-top\">\n<a href=\"https:\/\/prowproject.eu\/wp-content\/uploads\/2024\/03\/Resumo_D2_1_PT.pdf\" target=\"_blank\" class=\"uk-button uk-button-primary\">Design de interven\u00e7\u00e3o<\/a><br \/>\n<a href=\"https:\/\/prowproject.eu\/wp-content\/uploads\/2024\/03\/Resumo_D2_2_PT.pdf\" target=\"_blank\" class=\"uk-button uk-button-primary\">Desenho de Investiga\u00e7\u00e3o e Instrumentos<\/a><br \/>\n    <a href=\"https:\/\/prowproject.eu\/wp-content\/uploads\/2024\/03\/Summary-2.3_PT.pdf\" target=\"_blank\" class=\"uk-button uk-button-primary\">Relat\u00f3rio piloto<\/a>\n<\/div>\n<\/div>\n<\/li>\n<li>\n<h3>Pacote de Trabalho 3<\/h3>\n<div>\n<div class=\"bg-panel uk-position-relative\">\n<div class=\"ill-out\"><\/div>\n<div class=\"t-up\"><\/div>\n<div class=\"t-down\"><\/div>\n<h5>Implementa\u00e7\u00e3o no Terreno<\/h5>\n<p>O projeto ProW ser\u00e1 implementado no terreno num n\u00famero m\u00ednimo de 15 escolas\/jardins-de-inf\u00e2ncia de todos os pa\u00edses parceiros. As\/os educadoras\/es receber\u00e3o forma\u00e7\u00e3o e acompanhamento permanente para a implementa\u00e7\u00e3o da interven\u00e7\u00e3o ao longo de todo o projeto. A equipa de investiga\u00e7\u00e3o do projeto ser\u00e1 respons\u00e1vel pela revis\u00e3o e an\u00e1lise dos dados recolhidos durante a implementa\u00e7\u00e3o e avaliar\u00e1 a efic\u00e1cia da interven\u00e7\u00e3o.<\/p>\n<\/div>\n<div class=\"buttons-outputs uk-margin-top\">\n<a href=\"https:\/\/prowproject.eu\/wp-content\/uploads\/2024\/03\/D3.1.-Sumario-Executivo.pdf\" target=\"_blank\" class=\"uk-button uk-button-primary\">Relat\u00f3rio de Implementa\u00e7\u00e3o<\/a><br \/>\n    <a href=\"https:\/\/prowproject.eu\/wp-content\/uploads\/2024\/03\/D3.2.-Executive-summary_PT.pdf\" target=\"_blank\" class=\"uk-button uk-button-primary\">Relat\u00f3rio de resultados<\/a>\n<\/div>\n<\/div>\n<\/li>\n<li>\n<h3>Pacote de Trabalho 4<\/h3>\n<div>\n<div class=\"bg-panel uk-position-relative\">\n<div class=\"ill-out\"><\/div>\n<div class=\"t-up\"><\/div>\n<div class=\"t-down\"><\/div>\n<h5>Plataforma Digital &amp; eLearning<\/h5>\n<p>A plataforma digital estabelece a liga\u00e7\u00e3o entre os\/as formadores\/as e as equipas de educadoras\/es de cada escola\/jardim-de-inf\u00e2ncia, assim como entre formadores\/as externos\/as dos quatro pa\u00edses envolvidos. A plataforma cont\u00e9m m\u00f3dulos online sobre desenvolvimento profissional de educadores\/as e oferece-lhes recursos de aprendizagem valiosos.<\/p>\n<\/div>\n<div class=\"buttons-outputs uk-margin-top\">\n<a class=\"uk-button uk-button-primary\" href=\"https:\/\/elearning.prowproject.eu\/home.php\" target=\"_blank\">Platforma<\/a><\/p>\n<\/div>\n<\/div>\n<\/li>\n<li>\n<h3>Pacote de Trabalho 5<\/h3>\n<div>\n<div class=\"bg-panel uk-position-relative\">\n<div class=\"ill-out\"><\/div>\n<div class=\"t-up\"><\/div>\n<div class=\"t-down\"><\/div>\n<h5>Aplica\u00e7\u00e3o<\/h5>\n<p>A aplica\u00e7\u00e3o m\u00f3vel do ProW \u00e9 uma ferramenta educativa que permite \u00e0s escolas promover a aprendizagem cont\u00ednua e o suporte baseados nos princ\u00edpios e ideias do projeto. Est\u00e1 dispon\u00edvel para Android e iOS e inclui dicas pr\u00e1ticas e recomenda\u00e7\u00f5es para a implementa\u00e7\u00e3o da abordagem do ProW. A aplica\u00e7\u00e3o pretende familiarizar os profissionais das escolas com os modelos PERMA e SWPBS, ajudando-os a implementar a abordagem do ProW com fidelidade. <\/p>\n<\/div>\n<div class=\"buttons-outputs uk-margin-top\">\n<a class=\"uk-button uk-button-primary\" href=\"https:\/\/play.google.com\/store\/apps\/details?id=com.prowproject.app2409692\" target=\"_blank\">Android<\/a><br \/>\n    <a class=\"uk-button uk-button-primary\" href=\"https:\/\/apps.apple.com\/app\/prow\/id1662880307\" target=\"_blank\">IOs<\/a>\n<\/div>\n<\/div>\n<\/li>\n<li>\n<h3>Pacote de Trabalho 6<\/h3>\n<div>\n<div class=\"bg-panel uk-position-relative\">\n<div class=\"ill-out\"><\/div>\n<div class=\"t-up\"><\/div>\n<div class=\"t-down\"><\/div>\n<h5>Workshops de dissemina\u00e7\u00e3o<\/h5>\n<p>Nos workshops de dissemina\u00e7\u00e3o, os objetivos do projeto foram apresentados a v\u00e1rios profissionais, atrav\u00e9s do envolvimento destes participantes em v\u00e1rias atividades. A confer\u00eancia europeia final foi organizada no sentido de contribuir para a escalabilidade dos resultados e a sua dissemina\u00e7\u00e3o junto de profissionais de educa\u00e7\u00e3o, acad\u00e9micos, associa\u00e7\u00f5es e agentes pol\u00edticos.<\/p>\n<\/div>\n<div class=\"buttons-outputs uk-margin-top\">\n<a href=\"https:\/\/prowproject.eu\/wp-content\/uploads\/2024\/04\/ProW_D6.3_Dissemination-Workshops-Report.pdf\" target=\"_blank\" class=\"uk-button uk-button-primary\">Workshops de dissemina\u00e7\u00e3o<br \/>\n<\/a><br \/>\n    <a href=\"https:\/\/prowproject.eu\/wp-content\/uploads\/2024\/04\/ProW_D6.4.-European-Conference-Report.pdf\" target=\"_blank\" class=\"uk-button uk-button-primary\">Confer\u00eancia Europeia<br \/>\n<\/a>\n<\/div>\n<\/div>\n<\/li>\n<li>\n<h3>Pacote de Trabalho 7<\/h3>\n<div>\n<div class=\"bg-panel uk-position-relative\">\n<div class=\"ill-out\"><\/div>\n<div class=\"t-up\"><\/div>\n<div class=\"t-down\"><\/div>\n<h5>Pol\u00edtica de Escalabilidade do Desenvolvimento<\/h5>\n<p>A equipa do projeto ir\u00e1 identificar e medir a escalabilidade e a sustentabilidade das necessidades e potencialidades relacionadas com as pol\u00edticas e pr\u00e1ticas de cada pa\u00eds. Os resultados ser\u00e3o posteriormente utilizados para o desenvolvimento de orienta\u00e7\u00f5es espec\u00edficas-contextuais para as pol\u00edticas e pr\u00e1ticas de cada pa\u00eds.<\/p>\n<\/div>\n<div class=\"buttons-outputs uk-margin-top\">\n<a href=\"https:\/\/prowproject.eu\/wp-content\/uploads\/2024\/03\/D7.1.-Report-Executive-Summary_PT.pdf\" target=\"_blank\" class=\"uk-button uk-button-primary\">Plano de explora\u00e7\u00e3o, escalabilidade e recomenda\u00e7\u00f5es pol\u00edticas<br \/>\n<\/a><br \/>\n    <a href=\"https:\/\/prowproject.eu\/wp-content\/uploads\/2024\/03\/D7.2.-Policy-Development-Workshops-Executive-Summary_PT.pdf\" target=\"_blank\" class=\"uk-button uk-button-primary\">Workshops com autoridades p\u00fablicas<br \/>\n<\/a>\n<\/div>\n<\/div>\n<\/li>\n<li>\n<h3>Pacote de Trabalho 8<\/h3>\n<div>\n<div class=\"bg-panel uk-position-relative\">\n<div class=\"ill-out\"><\/div>\n<div class=\"t-up\"><\/div>\n<div class=\"t-down\"><\/div>\n<h5>Observat\u00f3rio do Bem-estar e das Carreiras de Educadoras\/es<\/h5>\n<p>O observat\u00f3rio do bem-estar e das carreiras de educadoras\/es facilitar\u00e1, anualmente, uma revis\u00e3o e aplica\u00e7\u00e3o de consultas de opini\u00e3o no terreno, assim como o desenho e implementa\u00e7\u00e3o de iniciativas e a\u00e7\u00f5es de apoio \u00e0s\/aos educadoras\/es. <\/p>\n<\/div>\n<div class=\"buttons-outputs uk-margin-top\">\n<a class=\"uk-button uk-button-primary\" href=\"https:\/\/twco.prowproject.eu\/pt-pt\/\" target=\"_blank\">Visite o site<\/a><br \/>\n       <a class=\"uk-button uk-button-primary\" href=\"https:\/\/prowproject.eu\/wp-content\/uploads\/2024\/03\/D7.3.-Teacher-well-being-and-career-observatory_Summary_PT.pdf\" target=\"_blank\">Observat\u00f3rio do Bem-Estar e da Carreira dos Professores<\/a>\n<\/div>\n<\/div>\n<\/li>\n<\/ul>\n<p><!--more--><br \/>\n<!-- {\"name\":\"outputs-deleteme\",\"type\":\"layout\",\"children\":[{\"type\":\"section\",\"props\":{\"style\":\"default\",\"width\":\"default\",\"vertical_align\":\"middle\",\"title_position\":\"top-left\",\"title_rotation\":\"left\",\"title_breakpoint\":\"xl\",\"image_position\":\"center-center\",\"animation\":\"slide-bottom\",\"animation_delay\":\"200\",\"padding_remove_top\":true},\"children\":[{\"type\":\"row\",\"children\":[{\"type\":\"column\",\"props\":{\"image_position\":\"center-center\",\"media_overlay_gradient\":\"\",\"position_sticky_breakpoint\":\"m\"},\"children\":[{\"type\":\"headline\",\"props\":{\"title_element\":\"h1\",\"content\":\"Resultados\",\"title_style\":\"h1\"}},{\"type\":\"hd-timeline\",\"props\":{\"show_title\":true,\"show_meta\":true,\"show_content\":true,\"show_image\":true,\"show_link\":true,\"align_default\":\"right\",\"align_medium\":\"right-alternate\",\"title_hover_style\":\"reset\",\"title_element\":\"h3\",\"title_align\":\"top\",\"title_grid_width\":\"1-2\",\"title_grid_breakpoint\":\"m\",\"meta_style\":\"meta\",\"meta_align\":\"below-title\",\"meta_element\":\"div\",\"content_column_breakpoint\":\"m\",\"icon_width\":80,\"timeline_icon_width\":40,\"image_align\":\"top\",\"image_grid_width\":\"1-2\",\"image_grid_breakpoint\":\"m\",\"image_svg_color\":\"emphasis\",\"link_text\":\"Read more\",\"link_style\":\"default\",\"margin\":\"default\",\"item_animation\":true,\"line_color\":\"#666666\",\"timeline_icon_color\":\"\",\"timeline_icon_background\":\"rgba(255, 255, 255, 1)\",\"timeline_icon_border\":\"rgba(0, 0, 0, 0.1)\",\"item_margin\":\"\",\"align_small\":\"\",\"align_large\":\"\",\"align_xlarge\":\"\",\"css\":\".el-title {text-align:center; font-size:19px;}\\nh5 {font-size:18px; text-transform:capitalize;letter-spacing:0; color:#fff;}\\n.uk-button{color:#fff;}\"},\"children\":[{\"type\":\"hd-timeline_item\",\"props\":{\"title\":\"Pacote de Trabalho 1\",\"content\":\"\n\n<div class=\\\"bg-panel uk-position-relative\\\">\\n\n\n<div class=\\\"ill-out\\\"><\\\/div>\\n\n\n<div class=\\\"t-up\\\"><\\\/div>\\n\n\n<div class=\\\"t-down\\\"><\\\/div>\\n\n\n<h5>Avalia\\u00e7\\u00e3o de Necessidades<\\\/h5>\\n\n\n<p>O cons\\u00f3rcio levou a cabo uma revis\\u00e3o da literatura (estado-da-arte) e um levantamento de necessidades nos quatro pa\\u00edses (Gr\\u00e9cia, Chipre, Rom\\u00e9nia e Portugal), de forma a identificar e perceber alguns dos atuais desafios relacionados com as carreiras, o desenvolvimento profissional e o bem-estar das\\\/os educadoras\\\/es.<\\\/p>\\n<\\\/div>\\n\n\n<div class=\\\"buttons-outputs uk-margin-top\\\"><a href=\\\"https:\\\/\\\/prowproject.eu\\\/wp-content\\\/uploads\\\/2024\\\/03\\\/ProW_D1.1-Estado_da_Arte_Resumo.pdf\\\" target=\\\"_blank\\\" class=\\\"uk-button uk-button-primary\\\" rel=\\\"noopener\\\">Revis\\u00e3o da literatura<\\\/a> <a href=\\\"https:\\\/\\\/prowproject.eu\\\/wp-content\\\/uploads\\\/2024\\\/03\\\/ProW_D1.1-Avaliacao-de-Necessidades-e-Plano-de-Acao_Resumo.pdf\\\" target=\\\"_blank\\\" class=\\\"uk-button uk-button-primary\\\" rel=\\\"noopener\\\">Avalia\\u00e7\\u00e3o de Necessidades<\\\/a><\\\/div>\",\"meta\":\"\"}},{\"type\":\"hd-timeline_item\",\"props\":{\"title\":\"Pacote de Trabalho 2\",\"content\":\"\n\n<div class=\\\"bg-panel uk-position-relative\\\">\\n\n\n<div class=\\\"ill-out\\\"><\\\/div>\\n\n\n<div class=\\\"t-up\\\"><\\\/div>\\n\n\n<div class=\\\"t-down\\\"><\\\/div>\\n\n\n<h5>Protocolo Experimental<\\\/h5>\\n\n\n<p>Os parceiros envolvidos ir\\u00e3o desenvolver um plano detalhado para a implementa\\u00e7\\u00e3o de metodologias e abordagens da Psicologia Positiva e do SWPBS ao n\\u00edvel da Educa\\u00e7\\u00e3o de Inf\\u00e2ncia. Para al\\u00e9m disto, formar\\u00e3o uma equipa de formadores\\\/as externos\\\/as, em cada um dos pa\\u00edses, que ser\\u00e1 respons\\u00e1vel pela forma\\u00e7\\u00e3o e desenvolvimento profissional das\\\/os educadoras\\\/es.<\\\/p>\\n<\\\/div>\\n\n\n<div class=\\\"buttons-outputs uk-margin-top\\\">\\n<a href=\\\"https:\\\/\\\/prowproject.eu\\\/wp-content\\\/uploads\\\/2024\\\/03\\\/Resumo_D2_1_PT.pdf\\\" target=\\\"_blank\\\" class=\\\"uk-button uk-button-primary\\\">Design de interven\\u00e7\\u00e3o<\\\/a>\\n<a href=\\\"https:\\\/\\\/prowproject.eu\\\/wp-content\\\/uploads\\\/2024\\\/03\\\/Resumo_D2_2_PT.pdf\\\" target=\\\"_blank\\\" class=\\\"uk-button uk-button-primary\\\">Desenho de Investiga\\u00e7\\u00e3o e Instrumentos<\\\/a>\\n    <a href=\\\"https:\\\/\\\/prowproject.eu\\\/wp-content\\\/uploads\\\/2024\\\/03\\\/Summary-2.3_PT.pdf\\\" target=\\\"_blank\\\" class=\\\"uk-button uk-button-primary\\\">Relat\\u00f3rio piloto<\\\/a>\\n<\\\/div>\",\"meta\":\"\"}},{\"type\":\"hd-timeline_item\",\"props\":{\"title\":\"Pacote de Trabalho 3\",\"content\":\"\n\n<div class=\\\"bg-panel uk-position-relative\\\">\\n\n\n<div class=\\\"ill-out\\\"><\\\/div>\\n\n\n<div class=\\\"t-up\\\"><\\\/div>\\n\n\n<div class=\\\"t-down\\\"><\\\/div>\\n\n\n<h5>Implementa\\u00e7\\u00e3o no Terreno<\\\/h5>\\n\n\n<p>O projeto ProW ser\\u00e1 implementado no terreno num n\\u00famero m\\u00ednimo de 15 escolas\\\/jardins-de-inf\\u00e2ncia de todos os pa\\u00edses parceiros. As\\\/os educadoras\\\/es receber\\u00e3o forma\\u00e7\\u00e3o e acompanhamento permanente para a implementa\\u00e7\\u00e3o da interven\\u00e7\\u00e3o ao longo de todo o projeto. A equipa de investiga\\u00e7\\u00e3o do projeto ser\\u00e1 respons\\u00e1vel pela revis\\u00e3o e an\\u00e1lise dos dados recolhidos durante a implementa\\u00e7\\u00e3o e avaliar\\u00e1 a efic\\u00e1cia da interven\\u00e7\\u00e3o.<\\\/p>\\n<\\\/div>\\n\n\n<div class=\\\"buttons-outputs uk-margin-top\\\">\\n<a href=\\\"https:\\\/\\\/prowproject.eu\\\/wp-content\\\/uploads\\\/2024\\\/03\\\/D3.1.-Sumario-Executivo.pdf\\\" target=\\\"_blank\\\" class=\\\"uk-button uk-button-primary\\\">Relat\\u00f3rio de Implementa\\u00e7\\u00e3o<\\\/a>\\n    <a href=\\\"https:\\\/\\\/prowproject.eu\\\/wp-content\\\/uploads\\\/2024\\\/03\\\/D3.2.-Executive-summary_PT.pdf\\\" target=\\\"_blank\\\" class=\\\"uk-button uk-button-primary\\\">Relat\\u00f3rio de resultados<\\\/a>\\n<\\\/div>\",\"meta\":\"\"}},{\"type\":\"hd-timeline_item\",\"props\":{\"title\":\"Pacote de Trabalho 4\",\"content\":\"\n\n<div class=\\\"bg-panel uk-position-relative\\\">\\n\n\n<div class=\\\"ill-out\\\"><\\\/div>\\n\n\n<div class=\\\"t-up\\\"><\\\/div>\\n\n\n<div class=\\\"t-down\\\"><\\\/div>\\n\n\n<h5>Plataforma Digital &amp; eLearning<\\\/h5>\\n\n\n<p>A plataforma digital estabelece a liga\\u00e7\\u00e3o entre os\\\/as formadores\\\/as e as equipas de educadoras\\\/es de cada escola\\\/jardim-de-inf\\u00e2ncia, assim como entre formadores\\\/as externos\\\/as dos quatro pa\\u00edses envolvidos. A plataforma cont\\u00e9m m\\u00f3dulos online sobre desenvolvimento profissional de educadores\\\/as e oferece-lhes recursos de aprendizagem valiosos.<\\\/p>\\n<\\\/div>\\n\n\n<div class=\\\"buttons-outputs uk-margin-top\\\">\\n<a class=\\\"uk-button uk-button-primary\\\" href=\\\"https:\\\/\\\/elearning.prowproject.eu\\\/home.php\\\" target=\\\"_blank\\\">Platforma<\\\/a>\\n\\n<\\\/div>\",\"meta\":\"\"}},{\"type\":\"hd-timeline_item\",\"props\":{\"title\":\"Pacote de Trabalho 5\",\"content\":\"\n\n<div class=\\\"bg-panel uk-position-relative\\\">\\n\n\n<div class=\\\"ill-out\\\"><\\\/div>\\n\n\n<div class=\\\"t-up\\\"><\\\/div>\\n\n\n<div class=\\\"t-down\\\"><\\\/div>\\n\n\n<h5>Aplica\\u00e7\\u00e3o<\\\/h5>\\n\n\n<p>A aplica\\u00e7\\u00e3o m\\u00f3vel do ProW \\u00e9 uma ferramenta educativa que permite \\u00e0s escolas promover a aprendizagem cont\\u00ednua e o suporte baseados nos princ\\u00edpios e ideias do projeto. Est\\u00e1 dispon\\u00edvel para Android e iOS e inclui dicas pr\\u00e1ticas e recomenda\\u00e7\\u00f5es para a implementa\\u00e7\\u00e3o da abordagem do ProW. A aplica\\u00e7\\u00e3o pretende familiarizar os profissionais das escolas com os modelos PERMA e SWPBS, ajudando-os a implementar a abordagem do ProW com fidelidade. <\\\/p>\\n<\\\/div>\\n\n\n<div class=\\\"buttons-outputs uk-margin-top\\\">\\n<a class=\\\"uk-button uk-button-primary\\\" href=\\\"https:\\\/\\\/play.google.com\\\/store\\\/apps\\\/details?id=com.prowproject.app2409692\\\" target=\\\"_blank\\\">Android<\\\/a>\\n    <a class=\\\"uk-button uk-button-primary\\\" href=\\\"https:\\\/\\\/apps.apple.com\\\/app\\\/prow\\\/id1662880307\\\" target=\\\"_blank\\\">IOs<\\\/a>\\n<\\\/div>\",\"meta\":\"\"}},{\"type\":\"hd-timeline_item\",\"props\":{\"title\":\"Pacote de Trabalho 6\",\"content\":\"\n\n<div class=\\\"bg-panel uk-position-relative\\\">\\n    \n\n<div class=\\\"ill-out\\\"><\\\/div>\\n    \n\n<div class=\\\"t-up\\\"><\\\/div>\\n    \n\n<div class=\\\"t-down\\\"><\\\/div>\\n\n\n<h5>Workshops de dissemina\\u00e7\\u00e3o<\\\/h5>\\n\n\n<p>Nos workshops de dissemina\\u00e7\\u00e3o, os objetivos do projeto foram apresentados a v\\u00e1rios profissionais, atrav\\u00e9s do envolvimento destes participantes em v\\u00e1rias atividades. A confer\\u00eancia europeia final foi organizada no sentido de contribuir para a escalabilidade dos resultados e a sua dissemina\\u00e7\\u00e3o junto de profissionais de educa\\u00e7\\u00e3o, acad\\u00e9micos, associa\\u00e7\\u00f5es e agentes pol\\u00edticos.<\\\/p>\\n<\\\/div>\\n\n\n<div class=\\\"buttons-outputs uk-margin-top\\\">\\n<a href=\\\"https:\\\/\\\/prowproject.eu\\\/wp-content\\\/uploads\\\/2024\\\/04\\\/ProW_D6.3_Dissemination-Workshops-Report.pdf\\\" target=\\\"_blank\\\" class=\\\"uk-button uk-button-primary\\\">Workshops de dissemina\\u00e7\\u00e3o\\n<\\\/a>\\n    <a href=\\\"https:\\\/\\\/prowproject.eu\\\/wp-content\\\/uploads\\\/2024\\\/04\\\/ProW_D6.4.-European-Conference-Report.pdf\\\" target=\\\"_blank\\\" class=\\\"uk-button uk-button-primary\\\">Confer\\u00eancia Europeia\\n<\\\/a>\\n<\\\/div>\",\"meta\":\"\"}},{\"type\":\"hd-timeline_item\",\"props\":{\"title\":\"Pacote de Trabalho 7\",\"content\":\"\n\n<div class=\\\"bg-panel uk-position-relative\\\">\\n\n\n<div class=\\\"ill-out\\\"><\\\/div>\\n\n\n<div class=\\\"t-up\\\"><\\\/div>\\n\n\n<div class=\\\"t-down\\\"><\\\/div>\\n\n\n<h5>Pol\\u00edtica de Escalabilidade do Desenvolvimento<\\\/h5>\\n\n\n<p>A equipa do projeto ir\\u00e1 identificar e medir a escalabilidade e a sustentabilidade das necessidades e potencialidades relacionadas com as pol\\u00edticas e pr\\u00e1ticas de cada pa\\u00eds. Os resultados ser\\u00e3o posteriormente utilizados para o desenvolvimento de orienta\\u00e7\\u00f5es espec\\u00edficas-contextuais para as pol\\u00edticas e pr\\u00e1ticas de cada pa\\u00eds.<\\\/p>\\n<\\\/div>\\n\n\n<div class=\\\"buttons-outputs uk-margin-top\\\">\\n<a href=\\\"https:\\\/\\\/prowproject.eu\\\/wp-content\\\/uploads\\\/2024\\\/03\\\/D7.1.-Report-Executive-Summary_PT.pdf\\\" target=\\\"_blank\\\" class=\\\"uk-button uk-button-primary\\\">Plano de explora\\u00e7\\u00e3o, escalabilidade e recomenda\\u00e7\\u00f5es pol\\u00edticas\\n<\\\/a>\\n    <a href=\\\"https:\\\/\\\/prowproject.eu\\\/wp-content\\\/uploads\\\/2024\\\/03\\\/D7.2.-Policy-Development-Workshops-Executive-Summary_PT.pdf\\\" target=\\\"_blank\\\" class=\\\"uk-button uk-button-primary\\\">Workshops com autoridades p\\u00fablicas\\n<\\\/a>\\n<\\\/div>\",\"meta\":\"\"}},{\"type\":\"hd-timeline_item\",\"props\":{\"title\":\"Pacote de Trabalho 8\",\"content\":\"\n\n<div class=\\\"bg-panel uk-position-relative\\\">\\n\n\n<div class=\\\"ill-out\\\"><\\\/div>\\n\n\n<div class=\\\"t-up\\\"><\\\/div>\\n\n\n<div class=\\\"t-down\\\"><\\\/div>\\n\n\n<h5>Observat\\u00f3rio do Bem-estar e das Carreiras de Educadoras\\\/es<\\\/h5>\\n\n\n<p>O observat\\u00f3rio do bem-estar e das carreiras de educadoras\\\/es facilitar\\u00e1, anualmente, uma revis\\u00e3o e aplica\\u00e7\\u00e3o de consultas de opini\\u00e3o no terreno, assim como o desenho e implementa\\u00e7\\u00e3o de iniciativas e a\\u00e7\\u00f5es de apoio \\u00e0s\\\/aos educadoras\\\/es. <\\\/p>\\n<\\\/div>\\n\n\n<div class=\\\"buttons-outputs uk-margin-top\\\">\\n<a class=\\\"uk-button uk-button-primary\\\" href=\\\"https:\\\/\\\/twco.prowproject.eu\\\/pt-pt\\\/\\\" target=\\\"_blank\\\">Visite o site<\\\/a>\\n       <a class=\\\"uk-button uk-button-primary\\\" href=\\\"https:\\\/\\\/prowproject.eu\\\/wp-content\\\/uploads\\\/2024\\\/03\\\/D7.3.-Teacher-well-being-and-career-observatory_Summary_PT.pdf\\\" target=\\\"_blank\\\">Observat\\u00f3rio do Bem-Estar e da Carreira dos Professores<\\\/a>\\n<\\\/div>\",\"meta\":\"\"}}]},{\"type\":\"module\",\"props\":{\"menu_style\":\"nav\",\"widget\":\"custom_html-6\",\"type\":\"custom_html\",\"text_align\":\"center\"}}]}]}]}],\"version\":\"2.7.22\"} --><\/p>\n","protected":false},"excerpt":{"rendered":"<p>Resultados Pacote de Trabalho 1 Avalia\u00e7\u00e3o de Necessidades O cons\u00f3rcio levou a cabo uma revis\u00e3o da literatura (estado-da-arte) e um&#8230;<\/p>\n","protected":false},"author":1,"featured_media":0,"parent":0,"menu_order":0,"comment_status":"closed","ping_status":"closed","template":"","meta":{"footnotes":""},"class_list":["post-612","page","type-page","status-publish","hentry"],"_links":{"self":[{"href":"https:\/\/prowproject.eu\/pt-pt\/wp-json\/wp\/v2\/pages\/612","targetHints":{"allow":["GET"]}}],"collection":[{"href":"https:\/\/prowproject.eu\/pt-pt\/wp-json\/wp\/v2\/pages"}],"about":[{"href":"https:\/\/prowproject.eu\/pt-pt\/wp-json\/wp\/v2\/types\/page"}],"author":[{"embeddable":true,"href":"https:\/\/prowproject.eu\/pt-pt\/wp-json\/wp\/v2\/users\/1"}],"replies":[{"embeddable":true,"href":"https:\/\/prowproject.eu\/pt-pt\/wp-json\/wp\/v2\/comments?post=612"}],"version-history":[{"count":20,"href":"https:\/\/prowproject.eu\/pt-pt\/wp-json\/wp\/v2\/pages\/612\/revisions"}],"predecessor-version":[{"id":2281,"href":"https:\/\/prowproject.eu\/pt-pt\/wp-json\/wp\/v2\/pages\/612\/revisions\/2281"}],"wp:attachment":[{"href":"https:\/\/prowproject.eu\/pt-pt\/wp-json\/wp\/v2\/media?parent=612"}],"curies":[{"name":"wp","href":"https:\/\/api.w.org\/{rel}","templated":true}]}}